{"id":803,"date":"2022-11-04T12:19:32","date_gmt":"2022-11-04T11:19:32","guid":{"rendered":"https:\/\/goxam.de\/tobias-gelbert\/"},"modified":"2023-11-02T17:57:20","modified_gmt":"2023-11-02T16:57:20","slug":"tobias-gelbert","status":"publish","type":"page","link":"https:\/\/goxam.de\/en\/tobias-gelbert\/","title":{"rendered":"Tobias Gelbert"},"content":{"rendered":"<p>[et_pb_section fb_built=&#8221;1&#8243; _builder_version=&#8221;4.17.4&#8243; _module_preset=&#8221;default&#8221; background_color=&#8221;#EBEAE3&#8243; parallax=&#8221;on&#8221; custom_padding=&#8221;0px||0px|||&#8221; global_colors_info=&#8221;{}&#8221;][et_pb_row column_structure=&#8221;1_2,1_2&#8243; use_custom_gutter=&#8221;on&#8221; gutter_width=&#8221;1&#8243; make_equal=&#8221;on&#8221; _builder_version=&#8221;4.18.0&#8243; _module_preset=&#8221;default&#8221; width=&#8221;100%&#8221; max_width=&#8221;100%&#8221; custom_padding=&#8221;0px||0px|||&#8221; custom_css_main_element=&#8221;align-items: center;&#8221; border_width_bottom=&#8221;1px&#8221; global_colors_info=&#8221;{}&#8221;][et_pb_column type=&#8221;1_2&#8243; _builder_version=&#8221;4.17.4&#8243; _module_preset=&#8221;default&#8221; background_enable_color=&#8221;off&#8221; custom_padding=&#8221;25px|20px|25px|20px|true|true&#8221; border_width_right=&#8221;1px&#8221; global_colors_info=&#8221;{}&#8221;][et_pb_image src=&#8221;https:\/\/goxam.de\/wp-content\/uploads\/2023\/08\/Goxam_Tobias.jpg&#8221; title_text=&#8221;Goxam_Tobias&#8221; _builder_version=&#8221;4.22.1&#8243; _module_preset=&#8221;default&#8221; width=&#8221;51%&#8221; module_alignment=&#8221;center&#8221; hover_enabled=&#8221;0&#8243; global_colors_info=&#8221;{}&#8221; sticky_enabled=&#8221;0&#8243;][\/et_pb_image][\/et_pb_column][et_pb_column type=&#8221;1_2&#8243; _builder_version=&#8221;4.17.4&#8243; _module_preset=&#8221;default&#8221; background_enable_color=&#8221;off&#8221; custom_padding=&#8221;25px|20px|25px|20px|true|true&#8221; global_colors_info=&#8221;{}&#8221;][et_pb_text _builder_version=&#8221;4.22.1&#8243; _module_preset=&#8221;default&#8221; text_text_color=&#8221;#000000&#8243; header_font=&#8221;Syne||||||||&#8221; header_2_font=&#8221;Syne|700||on|||||&#8221; header_2_text_align=&#8221;left&#8221; header_2_text_color=&#8221;#10124A&#8221; header_2_letter_spacing=&#8221;4px&#8221; header_4_font=&#8221;Cardo||on||||||&#8221; header_4_text_color=&#8221;#000000&#8243; header_4_font_size=&#8221;21px&#8221; header_4_line_height=&#8221;1.5em&#8221; text_orientation=&#8221;center&#8221; module_alignment=&#8221;center&#8221; custom_margin=&#8221;0%||0%||false|false&#8221; custom_padding=&#8221;||0px||false|false&#8221; border_color_top=&#8221;#000000&#8243; border_color_bottom=&#8221;#513470&#8243; global_colors_info=&#8221;{}&#8221; header_2_text_color__hover=&#8221;#383838&#8243; header_2_text_color__hover_enabled=&#8221;on|desktop&#8221; header_4_text_color__hover=&#8221;#383838&#8243; header_4_text_color__hover_enabled=&#8221;on|hover&#8221; background_enable_color__hover=&#8221;off&#8221; background__hover_enabled=&#8221;on|hover&#8221;]<\/p>\n<h2>\u00dcber Tobias Gelbert<\/p>\n<p><!--EndFragment --><\/h2>\n<div id=\"gtx-trans\" style=\"position: absolute; left: 71px; top: 51.9062px;\">\n<div class=\"gtx-trans-icon\"><\/div>\n<\/div>\n<p>[\/et_pb_text][et_pb_text _builder_version=&#8221;4.18.0&#8243; _module_preset=&#8221;default&#8221; text_font=&#8221;Epilogue||||||||&#8221; text_text_color=&#8221;#10124A&#8221; custom_margin=&#8221;24px||||false|false&#8221; global_colors_info=&#8221;{}&#8221;]<\/p>\n<p>Fast 20 Jahre stand Tobias Gelbert als Senior Manager, Consultant und Gesch\u00e4ftsf\u00fchrer auf Industrieseite. Er verf\u00fcgt \u00fcber fundierte, internationale Beratungs- und F\u00fchrungserfahrungen. Als Psychologe mit den Schwerpunkten Sozial-, Kognitions- und Wirtschaftspsychologie wei\u00df er, wie man Menschen \u2013 im Einzelsetting oder im Team \u2013\u00a0in Ver\u00e4nderungsprozessen unterst\u00fctzt.<\/p>\n<p>Er geht mit Leidenschaft neue Wege und liebt es, Unbekanntes zu erforschen sowie innovative Denkweisen zu integrieren. In der Beratung setzt er auf ma\u00dfgeschneiderte, kreative Methoden. Im Business Theater greift er auf Erfahrungen aus seinem 3-j\u00e4hrigen Schauspieler-Training, auf eigene Auftritte und seine T\u00e4tigkeit als Theater-Produzent zur\u00fcck.\u00a0<\/p>\n<p>Umfassend kompetent und ausgepr\u00e4gt empathisch \u2013\u00a0ein Berater und Coach, der neue Wege aufzeigt.<\/p>\n<p>[\/et_pb_text][\/et_pb_column][\/et_pb_row][\/et_pb_section][et_pb_section fb_built=&#8221;1&#8243; _builder_version=&#8221;4.17.3&#8243; _module_preset=&#8221;default&#8221; background_color=&#8221;#EBEAE3&#8243; global_colors_info=&#8221;{}&#8221;][et_pb_row _builder_version=&#8221;4.17.1&#8243; _module_preset=&#8221;default&#8221; global_colors_info=&#8221;{}&#8221;][et_pb_column type=&#8221;4_4&#8243; _builder_version=&#8221;4.17.1&#8243; _module_preset=&#8221;default&#8221; global_colors_info=&#8221;{}&#8221;][et_pb_image src=&#8221;https:\/\/goxam.de\/wp-content\/uploads\/2022\/11\/GOXA_Logo_key@2x.png&#8221; title_text=&#8221;GOXA_Logo_key@2x&#8221; url=&#8221;@ET-DC@eyJkeW5hbWljIjp0cnVlLCJjb250ZW50IjoiaG9tZV91cmwiLCJzZXR0aW5ncyI6W119@&#8221; align=&#8221;center&#8221; _builder_version=&#8221;4.19.0&#8243; _dynamic_attributes=&#8221;url&#8221; _module_preset=&#8221;default&#8221; width=&#8221;25%&#8221; width_tablet=&#8221;50%&#8221; width_phone=&#8221;100%&#8221; width_last_edited=&#8221;on|phone&#8221; max_width_tablet=&#8221;&#8221; max_width_phone=&#8221;85%&#8221; max_width_last_edited=&#8221;on|phone&#8221; module_alignment=&#8221;center&#8221; custom_margin=&#8221;||||false|false&#8221; custom_margin_tablet=&#8221;||0px||false|false&#8221; custom_margin_phone=&#8221;||0px||false|false&#8221; custom_margin_last_edited=&#8221;on|desktop&#8221; custom_padding=&#8221;||||false|false&#8221; custom_padding_tablet=&#8221;0px||||false|false&#8221; custom_padding_phone=&#8221;0px||||false|false&#8221; custom_padding_last_edited=&#8221;on|phone&#8221; global_colors_info=&#8221;{}&#8221;][\/et_pb_image][\/et_pb_column][\/et_pb_row][et_pb_row column_structure=&#8221;1_3,1_3,1_3&#8243; disabled_on=&#8221;on|on|off&#8221; _builder_version=&#8221;4.17.3&#8243; _module_preset=&#8221;default&#8221; custom_margin=&#8221;||||false|false&#8221; custom_padding=&#8221;||0px||false|false&#8221; global_colors_info=&#8221;{}&#8221;][et_pb_column type=&#8221;1_3&#8243; _builder_version=&#8221;4.17.1&#8243; _module_preset=&#8221;default&#8221; global_colors_info=&#8221;{}&#8221;][et_pb_text _builder_version=&#8221;4.19.0&#8243; _dynamic_attributes=&#8221;link_option_url&#8221; _module_preset=&#8221;default&#8221; text_text_color=&#8221;#000000&#8243; header_font=&#8221;Syne||||||||&#8221; header_2_font=&#8221;Syne|800||on|||||&#8221; header_2_text_color=&#8221;#000000&#8243; header_2_letter_spacing=&#8221;4px&#8221; header_4_font=&#8221;Cardo||on||||||&#8221; header_4_text_color=&#8221;#000000&#8243; header_4_font_size=&#8221;21px&#8221; header_4_line_height=&#8221;1.5em&#8221; text_orientation=&#8221;center&#8221; module_alignment=&#8221;center&#8221; custom_margin=&#8221;||||false|false&#8221; custom_padding=&#8221;15px||||false|false&#8221; link_option_url=&#8221;@ET-DC@eyJkeW5hbWljIjp0cnVlLCJjb250ZW50IjoicG9zdF9saW5rX3VybF9wYWdlIiwic2V0dGluZ3MiOnsicG9zdF9pZCI6IjY4In19@&#8221; border_color_top=&#8221;#000000&#8243; border_width_bottom=&#8221;1px&#8221; global_colors_info=&#8221;{}&#8221; background_color__hover=&#8221;&#8221; background_enable_color__hover=&#8221;off&#8221; header_2_text_color__hover_enabled=&#8221;on|desktop&#8221; header_2_text_color__hover=&#8221;#383838&#8243; header_4_text_color__hover_enabled=&#8221;on|hover&#8221; header_4_text_color__hover=&#8221;#383838&#8243; background__hover_enabled=&#8221;on|hover&#8221;]<\/p>\n<h2 id=\"h_49119380211651874162897\"><a href=\"https:\/\/goxam.de\/en\/coaching\/\">Coaching<\/a><\/h2>\n<p>&nbsp;<\/p>\n<p>[\/et_pb_text][et_pb_text _builder_version=&#8221;4.19.0&#8243; _dynamic_attributes=&#8221;link_option_url&#8221; _module_preset=&#8221;default&#8221; text_text_color=&#8221;#000000&#8243; header_font=&#8221;Syne||||||||&#8221; header_2_font=&#8221;Syne|800||on|||||&#8221; header_2_text_color=&#8221;#000000&#8243; header_2_letter_spacing=&#8221;4px&#8221; header_4_font=&#8221;Cardo||on||||||&#8221; header_4_text_color=&#8221;#000000&#8243; header_4_font_size=&#8221;21px&#8221; header_4_line_height=&#8221;1.5em&#8221; text_orientation=&#8221;center&#8221; module_alignment=&#8221;center&#8221; custom_margin=&#8221;||||false|false&#8221; custom_padding=&#8221;||||false|false&#8221; link_option_url=&#8221;@ET-DC@eyJkeW5hbWljIjp0cnVlLCJjb250ZW50IjoicG9zdF9saW5rX3VybF9wYWdlIiwic2V0dGluZ3MiOnsicG9zdF9pZCI6IjY4In19@&#8221; border_color_top=&#8221;#000000&#8243; global_colors_info=&#8221;{}&#8221; background_color__hover=&#8221;&#8221; background_enable_color__hover=&#8221;off&#8221; header_2_text_color__hover_enabled=&#8221;on|desktop&#8221; header_2_text_color__hover=&#8221;#383838&#8243; header_4_text_color__hover_enabled=&#8221;on|hover&#8221; header_4_text_color__hover=&#8221;#383838&#8243; background__hover_enabled=&#8221;on|hover&#8221;]<\/p>\n<h4>For executives<br \/>and<br \/>Teams<\/h4>\n<p>&nbsp;<\/p>\n<p>[\/et_pb_text][\/et_pb_column][et_pb_column type=&#8221;1_3&#8243; _builder_version=&#8221;4.17.1&#8243; _module_preset=&#8221;default&#8221; global_colors_info=&#8221;{}&#8221;][et_pb_text disabled_on=&#8221;off|off|off&#8221; _builder_version=&#8221;4.19.0&#8243; _module_preset=&#8221;default&#8221; text_font=&#8221;Syne|700||on|||||&#8221; text_text_color=&#8221;#000000&#8243; text_letter_spacing=&#8221;1px&#8221; text_orientation=&#8221;center&#8221; saved_tabs=&#8221;all&#8221; global_colors_info=&#8221;{}&#8221;]<\/p>\n<p>Follow us<\/p>\n<p><a href=\"https:\/\/www.linkedin.com\/in\/tobias-gelbert-31883a\" target=\"_blank\" rel=\"noopener\"><img loading=\"lazy\" decoding=\"async\" class=\"wp-image-653 alignnone size-medium\" src=\"https:\/\/goxam.de\/wp-content\/uploads\/2022\/11\/Element-1@1x-3.png\" alt=\"\" width=\"35\" height=\"35\" \/><\/a> \u00a0 <a href=\"https:\/\/www.xing.com\/profile\/Tobias_Gelbert\" target=\"_blank\" rel=\"noopener\"><img loading=\"lazy\" decoding=\"async\" class=\"wp-image-654 alignnone size-medium\" src=\"https:\/\/goxam.de\/wp-content\/uploads\/2022\/11\/Xing@1x-1.png\" alt=\"\" width=\"31\" height=\"31\" \/><\/a><\/p>\n<p>[\/et_pb_text][\/et_pb_column][et_pb_column type=&#8221;1_3&#8243; _builder_version=&#8221;4.17.1&#8243; _module_preset=&#8221;default&#8221; global_colors_info=&#8221;{}&#8221;][et_pb_text _builder_version=&#8221;4.19.0&#8243; _module_preset=&#8221;default&#8221; text_text_color=&#8221;#000000&#8243; header_font=&#8221;Syne||||||||&#8221; header_2_font=&#8221;Syne|800||on|||||&#8221; header_2_text_color=&#8221;#000000&#8243; header_2_letter_spacing=&#8221;4px&#8221; header_4_font=&#8221;Cardo||on||||||&#8221; header_4_text_color=&#8221;#000000&#8243; header_4_font_size=&#8221;21px&#8221; header_4_line_height=&#8221;1.5em&#8221; text_orientation=&#8221;center&#8221; module_alignment=&#8221;center&#8221; custom_margin=&#8221;||||false|false&#8221; custom_padding=&#8221;15px||||false|false&#8221; border_color_top=&#8221;#000000&#8243; border_width_bottom=&#8221;1px&#8221; global_colors_info=&#8221;{}&#8221; background_enable_color__hover=&#8221;off&#8221; header_2_text_color__hover=&#8221;#383838&#8243; header_2_text_color__hover_enabled=&#8221;on|desktop&#8221; header_4_text_color__hover=&#8221;#383838&#8243; header_4_text_color__hover_enabled=&#8221;on|hover&#8221; background__hover_enabled=&#8221;on|hover&#8221;]<\/p>\n<h2><a href=\"https:\/\/goxam.de\/en\/business-theatre\/\">BUSINESS THEATRE<\/a><\/h2>\n<p>[\/et_pb_text][et_pb_text _builder_version=&#8221;4.19.0&#8243; _dynamic_attributes=&#8221;link_option_url&#8221; _module_preset=&#8221;default&#8221; text_text_color=&#8221;#000000&#8243; header_font=&#8221;Syne||||||||&#8221; header_2_font=&#8221;Syne|800||on|||||&#8221; header_2_text_color=&#8221;#000000&#8243; header_2_letter_spacing=&#8221;4px&#8221; header_4_font=&#8221;Cardo||on||||||&#8221; header_4_text_color=&#8221;#000000&#8243; header_4_font_size=&#8221;21px&#8221; header_4_line_height=&#8221;1.5em&#8221; text_orientation=&#8221;center&#8221; module_alignment=&#8221;center&#8221; custom_margin=&#8221;||||false|false&#8221; custom_padding=&#8221;||||false|false&#8221; link_option_url=&#8221;@ET-DC@eyJkeW5hbWljIjp0cnVlLCJjb250ZW50IjoicG9zdF9saW5rX3VybF9wYWdlIiwic2V0dGluZ3MiOnsicG9zdF9pZCI6IjEzNCJ9fQ==@&#8221; border_color_top=&#8221;#000000&#8243; global_colors_info=&#8221;{}&#8221; background_enable_color__hover=&#8221;off&#8221; header_2_text_color__hover=&#8221;#383838&#8243; header_2_text_color__hover_enabled=&#8221;on|desktop&#8221; header_4_text_color__hover=&#8221;#383838&#8243; header_4_text_color__hover_enabled=&#8221;on|hover&#8221; background__hover_enabled=&#8221;on|hover&#8221;]<\/p>\n<h4>Individual training<br \/>Team and organizational development<\/h4>\n<p>&nbsp;<\/p>\n<p>[\/et_pb_text][\/et_pb_column][\/et_pb_row][et_pb_row column_structure=&#8221;1_2,1_2&#8243; use_custom_gutter=&#8221;on&#8221; gutter_width=&#8221;1&#8243; _builder_version=&#8221;4.17.3&#8243; _module_preset=&#8221;default&#8221; global_colors_info=&#8221;{}&#8221;][et_pb_column type=&#8221;1_2&#8243; _builder_version=&#8221;4.17.3&#8243; _module_preset=&#8221;default&#8221; custom_padding=&#8221;70px||||false|false&#8221; border_width_right=&#8221;1px&#8221; global_colors_info=&#8221;{}&#8221;][\/et_pb_column][et_pb_column type=&#8221;1_2&#8243; _builder_version=&#8221;4.17.3&#8243; _module_preset=&#8221;default&#8221; global_colors_info=&#8221;{}&#8221;][\/et_pb_column][\/et_pb_row][et_pb_row _builder_version=&#8221;4.17.3&#8243; _module_preset=&#8221;default&#8221; custom_padding=&#8221;4px|||||&#8221; global_module=&#8221;452&#8243; saved_tabs=&#8221;all&#8221; global_colors_info=&#8221;{}&#8221;][et_pb_column type=&#8221;4_4&#8243; _builder_version=&#8221;4.17.3&#8243; _module_preset=&#8221;default&#8221; global_colors_info=&#8221;{}&#8221;][et_pb_text _builder_version=&#8221;4.18.1&#8243; _module_preset=&#8221;default&#8221; text_font=&#8221;Syne|700||on|||||&#8221; text_text_color=&#8221;#000000&#8243; text_font_size=&#8221;22px&#8221; text_letter_spacing=&#8221;1px&#8221; text_orientation=&#8221;center&#8221; global_colors_info=&#8221;{}&#8221;]<\/p>\n<p><a href=\"https:\/\/goxam.de\/en\/contact\/\">CONTACT<\/a><\/p>\n<p>[\/et_pb_text][\/et_pb_column][\/et_pb_row][et_pb_row column_structure=&#8221;1_2,1_2&#8243; use_custom_gutter=&#8221;on&#8221; gutter_width=&#8221;1&#8243; _builder_version=&#8221;4.17.3&#8243; _module_preset=&#8221;default&#8221; global_colors_info=&#8221;{}&#8221;][et_pb_column type=&#8221;1_2&#8243; _builder_version=&#8221;4.17.3&#8243; _module_preset=&#8221;default&#8221; custom_padding=&#8221;70px||||false|false&#8221; border_width_right=&#8221;1px&#8221; global_colors_info=&#8221;{}&#8221;][\/et_pb_column][et_pb_column type=&#8221;1_2&#8243; _builder_version=&#8221;4.17.3&#8243; _module_preset=&#8221;default&#8221; global_colors_info=&#8221;{}&#8221;][\/et_pb_column][\/et_pb_row][\/et_pb_section]<\/p>\n","protected":false},"excerpt":{"rendered":"<p>\u00dcber Tobias Gelbert Fast 20 Jahre stand Tobias Gelbert als Senior Manager, Consultant und Gesch\u00e4ftsf\u00fchrer auf Industrieseite. Er verf\u00fcgt \u00fcber fundierte, internationale Beratungs- und F\u00fchrungserfahrungen. Als Psychologe mit den Schwerpunkten Sozial-, Kognitions- und Wirtschaftspsychologie wei\u00df er, wie man Menschen \u2013 im Einzelsetting oder im Team \u2013\u00a0in Ver\u00e4nderungsprozessen unterst\u00fctzt. Er geht mit Leidenschaft neue Wege und [&hellip;]<\/p>\n","protected":false},"author":1,"featured_media":0,"parent":0,"menu_order":0,"comment_status":"closed","ping_status":"closed","template":"","meta":{"_et_pb_use_builder":"on","_et_pb_old_content":"","_et_gb_content_width":"","inline_featured_image":false,"footnotes":""},"class_list":["post-803","page","type-page","status-publish","hentry"],"_links":{"self":[{"href":"https:\/\/goxam.de\/en\/wp-json\/wp\/v2\/pages\/803","targetHints":{"allow":["GET"]}}],"collection":[{"href":"https:\/\/goxam.de\/en\/wp-json\/wp\/v2\/pages"}],"about":[{"href":"https:\/\/goxam.de\/en\/wp-json\/wp\/v2\/types\/page"}],"author":[{"embeddable":true,"href":"https:\/\/goxam.de\/en\/wp-json\/wp\/v2\/users\/1"}],"replies":[{"embeddable":true,"href":"https:\/\/goxam.de\/en\/wp-json\/wp\/v2\/comments?post=803"}],"version-history":[{"count":68,"href":"https:\/\/goxam.de\/en\/wp-json\/wp\/v2\/pages\/803\/revisions"}],"predecessor-version":[{"id":1624,"href":"https:\/\/goxam.de\/en\/wp-json\/wp\/v2\/pages\/803\/revisions\/1624"}],"wp:attachment":[{"href":"https:\/\/goxam.de\/en\/wp-json\/wp\/v2\/media?parent=803"}],"curies":[{"name":"wp","href":"https:\/\/api.w.org\/{rel}","templated":true}]}}