{"id":792,"date":"2022-05-06T20:10:28","date_gmt":"2022-05-06T18:10:28","guid":{"rendered":"https:\/\/goxam.de\/coaching\/"},"modified":"2023-11-03T10:04:13","modified_gmt":"2023-11-03T09:04:13","slug":"coaching","status":"publish","type":"page","link":"https:\/\/goxam.de\/en\/coaching\/","title":{"rendered":"COACHING"},"content":{"rendered":"<p>[et_pb_section fb_built=&#8221;1&#8243; _builder_version=&#8221;4.17.4&#8243; _module_preset=&#8221;default&#8221; background_image=&#8221;https:\/\/goxam.de\/wp-content\/uploads\/2022\/05\/E8C993C1-120C-47E4-B506-57C1FB52400D-Kopie.jpg&#8221; custom_padding=&#8221;0px|0px|150px|0px|false|false&#8221; global_colors_info=&#8221;{}&#8221;][et_pb_row _builder_version=&#8221;4.17.4&#8243; _module_preset=&#8221;default&#8221; width=&#8221;100%&#8221; max_width=&#8221;100%&#8221; global_colors_info=&#8221;{}&#8221;][et_pb_column type=&#8221;4_4&#8243; _builder_version=&#8221;4.17.4&#8243; _module_preset=&#8221;default&#8221; global_colors_info=&#8221;{}&#8221;][et_pb_image src=&#8221;https:\/\/goxam.de\/wp-content\/uploads\/2022\/11\/Ebene-1-2@1x-3.png&#8221; title_text=&#8221;Ebene 1-2@1x&#8221; align=&#8221;right&#8221; _builder_version=&#8221;4.19.0&#8243; _module_preset=&#8221;default&#8221; width=&#8221;37%&#8221; custom_margin=&#8221;|40px|10px||false|false&#8221; global_colors_info=&#8221;{}&#8221;][\/et_pb_image][et_pb_text _builder_version=&#8221;4.17.4&#8243; _module_preset=&#8221;default&#8221; text_text_color=&#8221;#000000&#8243; header_font=&#8221;Syne||||||||&#8221; header_2_font=&#8221;Syne|800||on|||||&#8221; header_2_text_align=&#8221;right&#8221; header_2_text_color=&#8221;#DAF7D7&#8243; header_2_font_size=&#8221;18px&#8221; header_2_letter_spacing=&#8221;6px&#8221; header_4_font=&#8221;Cardo||on||||||&#8221; header_4_text_color=&#8221;#000000&#8243; header_4_font_size=&#8221;21px&#8221; header_4_line_height=&#8221;1.5em&#8221; background_enable_color=&#8221;off&#8221; text_orientation=&#8221;center&#8221; module_alignment=&#8221;center&#8221; custom_margin=&#8221;||-2px||false|false&#8221; custom_padding=&#8221;3px|30px||15px|false|false&#8221; border_color_all=&#8221;RGBA(255,255,255,0)&#8221; border_color_top=&#8221;#000000&#8243; border_color_bottom=&#8221;#513470&#8243; global_colors_info=&#8221;{}&#8221; header_2_text_color__hover=&#8221;#DAF7D7&#8243; header_2_text_color__hover_enabled=&#8221;on|hover&#8221; header_4_text_color__hover=&#8221;#383838&#8243; header_4_text_color__hover_enabled=&#8221;on|hover&#8221; background_enable_color__hover=&#8221;off&#8221; background_color__hover=&#8221;&#8221; background__hover_enabled=&#8221;on|hover&#8221;]<\/p>\n<h2>COACHING<\/h2>\n<p>[\/et_pb_text][\/et_pb_column][\/et_pb_row][et_pb_row _builder_version=&#8221;4.17.3&#8243; _module_preset=&#8221;default&#8221; custom_margin=&#8221;-55px|auto||auto||&#8221; custom_padding=&#8221;||223px|||&#8221; global_colors_info=&#8221;{}&#8221;][et_pb_column type=&#8221;4_4&#8243; _builder_version=&#8221;4.17.3&#8243; _module_preset=&#8221;default&#8221; global_colors_info=&#8221;{}&#8221;][\/et_pb_column][\/et_pb_row][\/et_pb_section][et_pb_section fb_built=&#8221;1&#8243; _builder_version=&#8221;4.18.0&#8243; _module_preset=&#8221;default&#8221; background_color=&#8221;#DAF7D7&#8243; custom_padding=&#8221;0px||0px|||&#8221; custom_css_main_element=&#8221;align-items: center;&#8221; global_colors_info=&#8221;{}&#8221;][et_pb_row column_structure=&#8221;1_2,1_2&#8243; use_custom_gutter=&#8221;on&#8221; gutter_width=&#8221;1&#8243; make_equal=&#8221;on&#8221; _builder_version=&#8221;4.18.0&#8243; _module_preset=&#8221;default&#8221; background_enable_color=&#8221;off&#8221; width=&#8221;100%&#8221; max_width=&#8221;100%&#8221; custom_padding=&#8221;0px||0px|||&#8221; custom_css_main_element=&#8221;align-items: center;&#8221; border_width_top=&#8221;1px&#8221; border_width_bottom=&#8221;1px&#8221; global_colors_info=&#8221;{}&#8221; background_enable_color__hover=&#8221;off&#8221;][et_pb_column type=&#8221;1_2&#8243; _builder_version=&#8221;4.17.4&#8243; _module_preset=&#8221;default&#8221; background_enable_color=&#8221;off&#8221; custom_padding=&#8221;25px|20px|25px|20px|true|true&#8221; border_width_right=&#8221;1px&#8221; global_colors_info=&#8221;{}&#8221; background_color__hover=&#8221;&#8221; background__hover_enabled=&#8221;on|hover&#8221; background_enable_color__hover=&#8221;off&#8221;][et_pb_text _builder_version=&#8221;4.18.0&#8243; _module_preset=&#8221;default&#8221; text_text_color=&#8221;#000000&#8243; header_font=&#8221;Syne||||||||&#8221; header_2_font=&#8221;Syne|700||on|||||&#8221; header_2_text_align=&#8221;left&#8221; header_2_text_color=&#8221;#10124A&#8221; header_2_letter_spacing=&#8221;4px&#8221; header_4_font=&#8221;Cardo||on||||||&#8221; header_4_text_color=&#8221;#000000&#8243; header_4_font_size=&#8221;21px&#8221; header_4_line_height=&#8221;1.5em&#8221; text_orientation=&#8221;center&#8221; module_alignment=&#8221;center&#8221; custom_margin=&#8221;5%||0%||false|false&#8221; custom_padding=&#8221;||0px||false|false&#8221; border_color_top=&#8221;#000000&#8243; border_color_bottom=&#8221;#513470&#8243; global_colors_info=&#8221;{}&#8221; header_2_text_color__hover=&#8221;#383838&#8243; header_2_text_color__hover_enabled=&#8221;on|desktop&#8221; header_4_text_color__hover=&#8221;#383838&#8243; header_4_text_color__hover_enabled=&#8221;on|hover&#8221; background__hover_enabled=&#8221;on|hover&#8221; background_enable_color__hover=&#8221;off&#8221;]<\/p>\n<h2>Consulting that will expand your potential<\/h2>\n<p>[\/et_pb_text][et_pb_text _builder_version=&#8221;4.19.0&#8243; _module_preset=&#8221;default&#8221; text_font=&#8221;Epilogue||||||||&#8221; text_text_color=&#8221;#10124A&#8221; custom_margin=&#8221;20px||20%||false|false&#8221; custom_margin_tablet=&#8221;||0%||false|false&#8221; custom_margin_phone=&#8221;||0%||false|false&#8221; custom_margin_last_edited=&#8221;on|tablet&#8221; custom_padding=&#8221;0px|||||&#8221; global_colors_info=&#8221;{}&#8221;]<\/p>\n<p>The modern working world never stands still. Global interdependencies, highly diversified teams, increasingly complex structures, and accelerated work processes constantly present managers and their employees with new challenges. Only those willing to develop their potential and constructively support change will be successful in the long term and satisfied on a personal level.<\/p>\n<p>That is where Goxam Consulting comes in. It gives you significant insights and helps you find creative approaches. It supports you in equipping yourself with optimal strategies to navigate complex global conditions, challenging disruptions and change processes.<\/p>\n<p>[\/et_pb_text][\/et_pb_column][et_pb_column type=&#8221;1_2&#8243; _builder_version=&#8221;4.17.4&#8243; _module_preset=&#8221;default&#8221; background_enable_color=&#8221;off&#8221; custom_padding=&#8221;25px|20px|25px|20px|true|true&#8221; global_colors_info=&#8221;{}&#8221; background_color__hover=&#8221;&#8221; background__hover_enabled=&#8221;on|hover&#8221; background_enable_color__hover=&#8221;off&#8221;][et_pb_text _builder_version=&#8221;4.18.0&#8243; _module_preset=&#8221;default&#8221; text_text_color=&#8221;#000000&#8243; header_font=&#8221;Syne||||||||&#8221; header_2_font=&#8221;Syne|700||on|||||&#8221; header_2_text_align=&#8221;left&#8221; header_2_text_color=&#8221;#10124A&#8221; header_2_letter_spacing=&#8221;4px&#8221; header_4_font=&#8221;Cardo||on||||||&#8221; header_4_text_color=&#8221;#000000&#8243; header_4_font_size=&#8221;21px&#8221; header_4_line_height=&#8221;1.5em&#8221; text_orientation=&#8221;center&#8221; module_alignment=&#8221;center&#8221; custom_margin=&#8221;5%||0%||false|false&#8221; custom_padding=&#8221;||0px||false|false&#8221; border_color_top=&#8221;#000000&#8243; border_color_bottom=&#8221;#513470&#8243; global_colors_info=&#8221;{}&#8221; header_2_text_color__hover=&#8221;#383838&#8243; header_2_text_color__hover_enabled=&#8221;on|desktop&#8221; header_4_text_color__hover=&#8221;#383838&#8243; header_4_text_color__hover_enabled=&#8221;on|hover&#8221; background_enable_color__hover=&#8221;off&#8221; background__hover_enabled=&#8221;on|hover&#8221;]<\/p>\n<h2>In Focus: Teams, Leaders and Talents<\/h2>\n<p>[\/et_pb_text][et_pb_text _builder_version=&#8221;4.18.0&#8243; _module_preset=&#8221;default&#8221; text_font=&#8221;Epilogue||||||||&#8221; text_text_color=&#8221;#10124A&#8221; custom_margin=&#8221;20px||||false|false&#8221; custom_padding=&#8221;0px|||||&#8221; global_colors_info=&#8221;{}&#8221;]<\/p>\n<p><strong>Development of International Management Teams:<\/strong> Effective communication is key to success in cross-functional international teams. With targeted team coaching and expertise in group dynamics, Tobias Gelbert will accompany teams on their way to excellency and efficiency.<\/p>\n<p><strong>One on one coaching: <\/strong>Gelbert is an expert in multicultural leadership in highly diversified teams and global settings.\u00a0He supports senior managers and focuses on specific situations and challenges.\u00a0Always at the forefront: a wealth of experience, empathy, and a wide range of coaching tools.<\/p>\n<p><strong>Talent management: <\/strong>Identifying, developing, and retaining talent is more crucial today than ever before.\u00a0Tobias Gelbert supports you in establishing a talent management culture in your company. One-to-one consulting for up-and-coming talents and young leaders is also part of our portfolio. Our goal is to help the talented become the best!<\/p>\n<p>[\/et_pb_text][\/et_pb_column][\/et_pb_row][\/et_pb_section][et_pb_section fb_built=&#8221;1&#8243; _builder_version=&#8221;4.17.4&#8243; _module_preset=&#8221;default&#8221; background_color=&#8221;#EBEAE3&#8243; parallax=&#8221;on&#8221; custom_padding=&#8221;0px||0px|||&#8221; global_module=&#8221;220&#8243; global_colors_info=&#8221;{}&#8221;][et_pb_row column_structure=&#8221;1_2,1_2&#8243; use_custom_gutter=&#8221;on&#8221; gutter_width=&#8221;1&#8243; make_equal=&#8221;on&#8221; _builder_version=&#8221;4.18.0&#8243; _module_preset=&#8221;default&#8221; width=&#8221;100%&#8221; max_width=&#8221;100%&#8221; custom_padding=&#8221;0px||0px|||&#8221; custom_css_main_element=&#8221;align-items: center;&#8221; border_width_bottom=&#8221;1px&#8221; global_colors_info=&#8221;{}&#8221;][et_pb_column type=&#8221;1_2&#8243; _builder_version=&#8221;4.17.4&#8243; _module_preset=&#8221;default&#8221; background_enable_color=&#8221;off&#8221; custom_padding=&#8221;25px|20px|25px|20px|true|true&#8221; border_width_right=&#8221;1px&#8221; global_colors_info=&#8221;{}&#8221;][et_pb_image src=&#8221;https:\/\/goxam.de\/wp-content\/uploads\/2023\/08\/Goxam_Tobias.jpg&#8221; title_text=&#8221;Goxam_Tobias&#8221; _builder_version=&#8221;4.23&#8243; _module_preset=&#8221;default&#8221; width=&#8221;51%&#8221; module_alignment=&#8221;center&#8221; hover_enabled=&#8221;0&#8243; global_colors_info=&#8221;{}&#8221; sticky_enabled=&#8221;0&#8243;][\/et_pb_image][\/et_pb_column][et_pb_column type=&#8221;1_2&#8243; _builder_version=&#8221;4.17.4&#8243; _module_preset=&#8221;default&#8221; background_enable_color=&#8221;off&#8221; custom_padding=&#8221;25px|20px|25px|20px|true|true&#8221; global_colors_info=&#8221;{}&#8221;][et_pb_text _builder_version=&#8221;4.23&#8243; _module_preset=&#8221;default&#8221; text_text_color=&#8221;#000000&#8243; header_font=&#8221;Syne||||||||&#8221; header_2_font=&#8221;Syne|700||on|||||&#8221; header_2_text_align=&#8221;left&#8221; header_2_text_color=&#8221;#10124A&#8221; header_2_letter_spacing=&#8221;4px&#8221; header_4_font=&#8221;Cardo||on||||||&#8221; header_4_text_color=&#8221;#000000&#8243; header_4_font_size=&#8221;21px&#8221; header_4_line_height=&#8221;1.5em&#8221; text_orientation=&#8221;center&#8221; module_alignment=&#8221;center&#8221; custom_margin=&#8221;0%||0%||false|false&#8221; custom_padding=&#8221;||0px||false|false&#8221; hover_enabled=&#8221;0&#8243; border_color_top=&#8221;#000000&#8243; border_color_bottom=&#8221;#513470&#8243; global_colors_info=&#8221;{}&#8221; header_2_text_color__hover=&#8221;#383838&#8243; header_2_text_color__hover_enabled=&#8221;on|desktop&#8221; header_4_text_color__hover=&#8221;#383838&#8243; header_4_text_color__hover_enabled=&#8221;on|hover&#8221; background_enable_color__hover=&#8221;off&#8221; background__hover_enabled=&#8221;on|hover&#8221; sticky_enabled=&#8221;0&#8243;]<\/p>\n<h2>\u00dcber Tobias Gelbert<br \/><!--EndFragment --><\/h2>\n<div id=\"gtx-trans\" style=\"position: absolute; left: 65px; top: -4.09375px;\">\n<div class=\"gtx-trans-icon\"><\/div>\n<\/div>\n<p>[\/et_pb_text][et_pb_text _builder_version=&#8221;4.18.0&#8243; _module_preset=&#8221;default&#8221; text_font=&#8221;Epilogue||||||||&#8221; text_text_color=&#8221;#10124A&#8221; custom_margin=&#8221;24px||||false|false&#8221; global_colors_info=&#8221;{}&#8221;]<\/p>\n<p>Fast 20 Jahre stand Tobias Gelbert als Senior Manager, Consultant und Gesch\u00e4ftsf\u00fchrer auf Industrieseite. Er verf\u00fcgt \u00fcber fundierte, internationale Beratungs- und F\u00fchrungserfahrungen. Als Psychologe mit den Schwerpunkten Sozial-, Kognitions- und Wirtschaftspsychologie wei\u00df er, wie man Menschen \u2013 im Einzelsetting oder im Team \u2013\u00a0in Ver\u00e4nderungsprozessen unterst\u00fctzt.<\/p>\n<p>Er geht mit Leidenschaft neue Wege und liebt es, Unbekanntes zu erforschen sowie innovative Denkweisen zu integrieren. In der Beratung setzt er auf ma\u00dfgeschneiderte, kreative Methoden. Im Business Theater greift er auf Erfahrungen aus seinem 3-j\u00e4hrigen Schauspieler-Training, auf eigene Auftritte und seine T\u00e4tigkeit als Theater-Produzent zur\u00fcck.\u00a0<\/p>\n<p>Umfassend kompetent und ausgepr\u00e4gt empathisch \u2013\u00a0ein Berater und Coach, der neue Wege aufzeigt.<\/p>\n<p>[\/et_pb_text][\/et_pb_column][\/et_pb_row][\/et_pb_section][et_pb_section fb_built=&#8221;1&#8243; _builder_version=&#8221;4.17.3&#8243; _module_preset=&#8221;default&#8221; background_color=&#8221;#EBEAE3&#8243; global_colors_info=&#8221;{}&#8221;][et_pb_row _builder_version=&#8221;4.17.1&#8243; _module_preset=&#8221;default&#8221; global_colors_info=&#8221;{}&#8221;][et_pb_column type=&#8221;4_4&#8243; _builder_version=&#8221;4.17.1&#8243; _module_preset=&#8221;default&#8221; global_colors_info=&#8221;{}&#8221;][et_pb_image src=&#8221;https:\/\/goxam.de\/wp-content\/uploads\/2022\/11\/GOXA_Logo_key@2x.png&#8221; title_text=&#8221;GOXA_Logo_key@2x&#8221; url=&#8221;@ET-DC@eyJkeW5hbWljIjp0cnVlLCJjb250ZW50IjoiaG9tZV91cmwiLCJzZXR0aW5ncyI6W119@&#8221; align=&#8221;center&#8221; _builder_version=&#8221;4.19.0&#8243; _dynamic_attributes=&#8221;url&#8221; _module_preset=&#8221;default&#8221; width=&#8221;25%&#8221; width_tablet=&#8221;50%&#8221; width_phone=&#8221;100%&#8221; width_last_edited=&#8221;on|phone&#8221; max_width_tablet=&#8221;&#8221; max_width_phone=&#8221;85%&#8221; max_width_last_edited=&#8221;on|phone&#8221; module_alignment=&#8221;center&#8221; custom_margin=&#8221;||||false|false&#8221; custom_margin_tablet=&#8221;||0px||false|false&#8221; custom_margin_phone=&#8221;||0px||false|false&#8221; custom_margin_last_edited=&#8221;on|desktop&#8221; custom_padding=&#8221;||||false|false&#8221; custom_padding_tablet=&#8221;0px||||false|false&#8221; custom_padding_phone=&#8221;0px||||false|false&#8221; custom_padding_last_edited=&#8221;on|phone&#8221; global_colors_info=&#8221;{}&#8221;][\/et_pb_image][\/et_pb_column][\/et_pb_row][et_pb_row column_structure=&#8221;1_3,1_3,1_3&#8243; disabled_on=&#8221;off|off|off&#8221; _builder_version=&#8221;4.17.3&#8243; _module_preset=&#8221;default&#8221; custom_margin=&#8221;||||false|false&#8221; custom_padding=&#8221;||0px||false|false&#8221; global_colors_info=&#8221;{}&#8221;][et_pb_column type=&#8221;1_3&#8243; _builder_version=&#8221;4.17.1&#8243; _module_preset=&#8221;default&#8221; global_colors_info=&#8221;{}&#8221;][\/et_pb_column][et_pb_column type=&#8221;1_3&#8243; _builder_version=&#8221;4.17.1&#8243; _module_preset=&#8221;default&#8221; global_colors_info=&#8221;{}&#8221;][et_pb_text _builder_version=&#8221;4.18.0&#8243; _dynamic_attributes=&#8221;link_option_url&#8221; _module_preset=&#8221;default&#8221; text_text_color=&#8221;#000000&#8243; header_font=&#8221;Syne||||||||&#8221; header_2_font=&#8221;Syne|800||on|||||&#8221; header_2_text_color=&#8221;#000000&#8243; header_2_letter_spacing=&#8221;4px&#8221; header_4_font=&#8221;Cardo||on||||||&#8221; header_4_text_color=&#8221;#000000&#8243; header_4_font_size=&#8221;21px&#8221; header_4_line_height=&#8221;1.5em&#8221; text_orientation=&#8221;center&#8221; module_alignment=&#8221;center&#8221; custom_margin=&#8221;||||false|true&#8221; custom_padding=&#8221;15px||||false|true&#8221; link_option_url=&#8221;@ET-DC@eyJkeW5hbWljIjp0cnVlLCJjb250ZW50IjoicG9zdF9saW5rX3VybF9wYWdlIiwic2V0dGluZ3MiOnsicG9zdF9pZCI6IjY4In19@&#8221; border_color_top=&#8221;#000000&#8243; border_width_bottom=&#8221;1px&#8221; global_colors_info=&#8221;{}&#8221; background_color__hover=&#8221;&#8221; background_enable_color__hover=&#8221;off&#8221; header_2_text_color__hover_enabled=&#8221;on|desktop&#8221; header_2_text_color__hover=&#8221;#383838&#8243; header_4_text_color__hover_enabled=&#8221;on|hover&#8221; header_4_text_color__hover=&#8221;#383838&#8243; background__hover_enabled=&#8221;on|hover&#8221;]<\/p>\n<h2><a role=\"link\" href=\"https:\/\/goxam.de\/en\/business-theatre\/\">BUSINESS THEATRE<\/a><\/h2>\n<p>[\/et_pb_text][et_pb_text _builder_version=&#8221;4.17.3&#8243; _dynamic_attributes=&#8221;link_option_url&#8221; _module_preset=&#8221;default&#8221; text_text_color=&#8221;#000000&#8243; header_font=&#8221;Syne||||||||&#8221; header_2_font=&#8221;Syne|800||on|||||&#8221; header_2_text_color=&#8221;#000000&#8243; header_2_letter_spacing=&#8221;4px&#8221; header_4_font=&#8221;Cardo||on||||||&#8221; header_4_text_color=&#8221;#000000&#8243; header_4_font_size=&#8221;21px&#8221; header_4_line_height=&#8221;1.5em&#8221; text_orientation=&#8221;center&#8221; module_alignment=&#8221;center&#8221; custom_margin=&#8221;||||false|false&#8221; custom_padding=&#8221;||||false|false&#8221; link_option_url=&#8221;@ET-DC@eyJkeW5hbWljIjp0cnVlLCJjb250ZW50IjoicG9zdF9saW5rX3VybF9wYWdlIiwic2V0dGluZ3MiOnsicG9zdF9pZCI6IjY4In19@&#8221; border_color_top=&#8221;#000000&#8243; global_colors_info=&#8221;{}&#8221; background_color__hover=&#8221;&#8221; background_enable_color__hover=&#8221;off&#8221; header_2_text_color__hover_enabled=&#8221;on|desktop&#8221; header_2_text_color__hover=&#8221;#383838&#8243; header_4_text_color__hover_enabled=&#8221;on|hover&#8221; header_4_text_color__hover=&#8221;#383838&#8243; background__hover_enabled=&#8221;on|hover&#8221;]<\/p>\n<h4>Individual training<br \/>Team and organizational development<\/h4>\n<p>&nbsp;<\/p>\n<p>[\/et_pb_text][\/et_pb_column][et_pb_column type=&#8221;1_3&#8243; _builder_version=&#8221;4.17.1&#8243; _module_preset=&#8221;default&#8221; global_colors_info=&#8221;{}&#8221;][\/et_pb_column][\/et_pb_row][et_pb_row column_structure=&#8221;1_2,1_2&#8243; use_custom_gutter=&#8221;on&#8221; gutter_width=&#8221;1&#8243; disabled_on=&#8221;on|on|off&#8221; _builder_version=&#8221;4.17.3&#8243; _module_preset=&#8221;default&#8221; global_colors_info=&#8221;{}&#8221;][et_pb_column type=&#8221;1_2&#8243; _builder_version=&#8221;4.17.3&#8243; _module_preset=&#8221;default&#8221; custom_padding=&#8221;70px||||false|false&#8221; border_width_right=&#8221;1px&#8221; global_colors_info=&#8221;{}&#8221;][\/et_pb_column][et_pb_column type=&#8221;1_2&#8243; _builder_version=&#8221;4.17.3&#8243; _module_preset=&#8221;default&#8221; global_colors_info=&#8221;{}&#8221;][\/et_pb_column][\/et_pb_row][et_pb_row _builder_version=&#8221;4.17.3&#8243; _module_preset=&#8221;default&#8221; custom_padding=&#8221;4px|||||&#8221; global_module=&#8221;452&#8243; saved_tabs=&#8221;all&#8221; global_colors_info=&#8221;{}&#8221;][et_pb_column type=&#8221;4_4&#8243; _builder_version=&#8221;4.17.3&#8243; _module_preset=&#8221;default&#8221; global_colors_info=&#8221;{}&#8221;][et_pb_text _builder_version=&#8221;4.18.1&#8243; _module_preset=&#8221;default&#8221; text_font=&#8221;Syne|700||on|||||&#8221; text_text_color=&#8221;#000000&#8243; text_font_size=&#8221;22px&#8221; text_letter_spacing=&#8221;1px&#8221; text_orientation=&#8221;center&#8221; global_colors_info=&#8221;{}&#8221;]<\/p>\n<p><a href=\"https:\/\/goxam.de\/en\/contact\/\">CONTACT<\/a><\/p>\n<p>[\/et_pb_text][\/et_pb_column][\/et_pb_row][et_pb_row column_structure=&#8221;1_2,1_2&#8243; use_custom_gutter=&#8221;on&#8221; gutter_width=&#8221;1&#8243; disabled_on=&#8221;on|on|off&#8221; _builder_version=&#8221;4.17.3&#8243; _module_preset=&#8221;default&#8221; global_colors_info=&#8221;{}&#8221;][et_pb_column type=&#8221;1_2&#8243; _builder_version=&#8221;4.17.3&#8243; _module_preset=&#8221;default&#8221; custom_padding=&#8221;70px||||false|false&#8221; border_width_right=&#8221;1px&#8221; global_colors_info=&#8221;{}&#8221;][\/et_pb_column][et_pb_column type=&#8221;1_2&#8243; _builder_version=&#8221;4.17.3&#8243; _module_preset=&#8221;default&#8221; global_colors_info=&#8221;{}&#8221;][\/et_pb_column][\/et_pb_row][et_pb_row _builder_version=&#8221;4.17.3&#8243; _module_preset=&#8221;default&#8221; custom_padding=&#8221;4px|||||&#8221; global_colors_info=&#8221;{}&#8221;][et_pb_column type=&#8221;4_4&#8243; _builder_version=&#8221;4.17.3&#8243; _module_preset=&#8221;default&#8221; global_colors_info=&#8221;{}&#8221;][et_pb_text disabled_on=&#8221;off|off|off&#8221; _builder_version=&#8221;4.19.0&#8243; _module_preset=&#8221;default&#8221; text_font=&#8221;Syne|700||on|||||&#8221; text_text_color=&#8221;#000000&#8243; text_letter_spacing=&#8221;1px&#8221; text_orientation=&#8221;center&#8221; saved_tabs=&#8221;all&#8221; global_colors_info=&#8221;{}&#8221;]<\/p>\n<p>Follow us<\/p>\n<p><a href=\"https:\/\/www.linkedin.com\/in\/tobias-gelbert-31883a\" target=\"_blank\" rel=\"noopener\"><img loading=\"lazy\" decoding=\"async\" class=\"wp-image-653 alignnone size-medium\" src=\"https:\/\/goxam.de\/wp-content\/uploads\/2022\/11\/Element-1@1x-3.png\" alt=\"\" width=\"35\" height=\"35\" \/><\/a> \u00a0 <a href=\"https:\/\/www.xing.com\/profile\/Tobias_Gelbert\" target=\"_blank\" rel=\"noopener\"><img loading=\"lazy\" decoding=\"async\" class=\"wp-image-654 alignnone size-medium\" src=\"https:\/\/goxam.de\/wp-content\/uploads\/2022\/11\/Xing@1x-1.png\" alt=\"\" width=\"31\" height=\"31\" \/><\/a><\/p>\n<p>[\/et_pb_text][\/et_pb_column][\/et_pb_row][\/et_pb_section]<\/p>\n","protected":false},"excerpt":{"rendered":"<p>COACHINGConsulting that will expand your potentialThe modern working world never stands still. Global interdependencies, highly diversified teams, increasingly complex structures, and accelerated work processes constantly present managers and their employees with new challenges. Only those willing to develop their potential and constructively support change will be successful in the long term and satisfied on a [&hellip;]<\/p>\n","protected":false},"author":1,"featured_media":0,"parent":0,"menu_order":0,"comment_status":"closed","ping_status":"closed","template":"","meta":{"_et_pb_use_builder":"on","_et_pb_old_content":"","_et_gb_content_width":"","inline_featured_image":false,"footnotes":""},"class_list":["post-792","page","type-page","status-publish","hentry"],"_links":{"self":[{"href":"https:\/\/goxam.de\/en\/wp-json\/wp\/v2\/pages\/792","targetHints":{"allow":["GET"]}}],"collection":[{"href":"https:\/\/goxam.de\/en\/wp-json\/wp\/v2\/pages"}],"about":[{"href":"https:\/\/goxam.de\/en\/wp-json\/wp\/v2\/types\/page"}],"author":[{"embeddable":true,"href":"https:\/\/goxam.de\/en\/wp-json\/wp\/v2\/users\/1"}],"replies":[{"embeddable":true,"href":"https:\/\/goxam.de\/en\/wp-json\/wp\/v2\/comments?post=792"}],"version-history":[{"count":77,"href":"https:\/\/goxam.de\/en\/wp-json\/wp\/v2\/pages\/792\/revisions"}],"predecessor-version":[{"id":1629,"href":"https:\/\/goxam.de\/en\/wp-json\/wp\/v2\/pages\/792\/revisions\/1629"}],"wp:attachment":[{"href":"https:\/\/goxam.de\/en\/wp-json\/wp\/v2\/media?parent=792"}],"curies":[{"name":"wp","href":"https:\/\/api.w.org\/{rel}","templated":true}]}}