{"id":1613,"date":"2023-08-21T13:58:30","date_gmt":"2023-08-21T11:58:30","guid":{"rendered":"https:\/\/goxam.de\/angela-amarilla\/"},"modified":"2023-08-21T16:38:27","modified_gmt":"2023-08-21T14:38:27","slug":"angela-amarilla","status":"publish","type":"page","link":"https:\/\/goxam.de\/en\/angela-amarilla\/","title":{"rendered":"Angela Amarilla\u00a0"},"content":{"rendered":"<p>[et_pb_section fb_built=&#8221;1&#8243; _builder_version=&#8221;4.17.4&#8243; _module_preset=&#8221;default&#8221; background_color=&#8221;#EBEAE3&#8243; parallax=&#8221;on&#8221; custom_padding=&#8221;0px||0px|||&#8221; global_colors_info=&#8221;{}&#8221;][et_pb_row column_structure=&#8221;1_2,1_2&#8243; use_custom_gutter=&#8221;on&#8221; gutter_width=&#8221;1&#8243; make_equal=&#8221;on&#8221; _builder_version=&#8221;4.18.0&#8243; _module_preset=&#8221;default&#8221; width=&#8221;100%&#8221; max_width=&#8221;100%&#8221; custom_padding=&#8221;0px||0px|||&#8221; custom_css_main_element=&#8221;align-items: center;&#8221; border_width_bottom=&#8221;1px&#8221; global_colors_info=&#8221;{}&#8221;][et_pb_column type=&#8221;1_2&#8243; _builder_version=&#8221;4.17.4&#8243; _module_preset=&#8221;default&#8221; background_enable_color=&#8221;off&#8221; custom_padding=&#8221;25px|20px|25px|20px|true|true&#8221; border_width_right=&#8221;1px&#8221; global_colors_info=&#8221;{}&#8221;][et_pb_image src=&#8221;https:\/\/goxam.de\/wp-content\/uploads\/2022\/05\/angela_Goxam.jpg&#8221; title_text=&#8221;angela_Goxam&#8221; _builder_version=&#8221;4.22.1&#8243; _module_preset=&#8221;default&#8221; width=&#8221;51%&#8221; module_alignment=&#8221;center&#8221; global_colors_info=&#8221;{}&#8221;][\/et_pb_image][\/et_pb_column][et_pb_column type=&#8221;1_2&#8243; _builder_version=&#8221;4.17.4&#8243; _module_preset=&#8221;default&#8221; background_enable_color=&#8221;off&#8221; custom_padding=&#8221;25px|20px|25px|20px|true|true&#8221; global_colors_info=&#8221;{}&#8221;][et_pb_text _builder_version=&#8221;4.22.1&#8243; _module_preset=&#8221;default&#8221; text_text_color=&#8221;#000000&#8243; header_font=&#8221;Syne||||||||&#8221; header_2_font=&#8221;Syne|700||on|||||&#8221; header_2_text_align=&#8221;left&#8221; header_2_text_color=&#8221;#10124A&#8221; header_2_letter_spacing=&#8221;4px&#8221; header_4_font=&#8221;Cardo||on||||||&#8221; header_4_text_color=&#8221;#000000&#8243; header_4_font_size=&#8221;21px&#8221; header_4_line_height=&#8221;1.5em&#8221; text_orientation=&#8221;center&#8221; module_alignment=&#8221;center&#8221; custom_margin=&#8221;0%||0%||false|false&#8221; custom_padding=&#8221;||0px||false|false&#8221; border_color_top=&#8221;#000000&#8243; border_color_bottom=&#8221;#513470&#8243; global_colors_info=&#8221;{}&#8221; header_2_text_color__hover=&#8221;#383838&#8243; header_2_text_color__hover_enabled=&#8221;on|desktop&#8221; header_4_text_color__hover=&#8221;#383838&#8243; header_4_text_color__hover_enabled=&#8221;on|hover&#8221; background_enable_color__hover=&#8221;off&#8221; background__hover_enabled=&#8221;on|hover&#8221;]<\/p>\n<h2>About \u00c1ngela Amarilla<br \/><!--EndFragment --><\/h2>\n<div id=\"gtx-trans\" style=\"position: absolute; left: -2px; top: 72.5781px;\">\n<div class=\"gtx-trans-icon\">\u00a0<\/div>\n<\/div>\n<p>[\/et_pb_text][et_pb_text _builder_version=&#8221;4.18.0&#8243; _module_preset=&#8221;default&#8221; text_font=&#8221;Epilogue||||||||&#8221; text_text_color=&#8221;#10124A&#8221; custom_margin=&#8221;24px||||false|false&#8221; global_colors_info=&#8221;{}&#8221;]<\/p>\n<p>\u00c1ngela Amarilla is a writer and director. She has worked as a professor of literature and linguistics at several international universities. She has also worked as a columnist for P\u00e1gina 12\u2019s LGBTQIA+ cultural supplement SOY, one of the most important of its kind in Latin America. Amarilla made her first foray into playwriting in 2018 with Les Quienes, which earned her a Operas Primas award for new theater directors from the Centro Cultural Rojas UBA. Since then she has written, directed, and staged plays in Argentina and Germany. In 2022 she has co-founded the art production company Blu Abis, Berlin based.<\/p>\n<p>[\/et_pb_text][\/et_pb_column][\/et_pb_row][\/et_pb_section][et_pb_section fb_built=&#8221;1&#8243; _builder_version=&#8221;4.17.3&#8243; _module_preset=&#8221;default&#8221; background_color=&#8221;#EBEAE3&#8243; global_colors_info=&#8221;{}&#8221;][et_pb_row _builder_version=&#8221;4.17.1&#8243; _module_preset=&#8221;default&#8221; global_colors_info=&#8221;{}&#8221;][et_pb_column type=&#8221;4_4&#8243; _builder_version=&#8221;4.17.1&#8243; _module_preset=&#8221;default&#8221; global_colors_info=&#8221;{}&#8221;][et_pb_image src=&#8221;https:\/\/goxam.de\/wp-content\/uploads\/2022\/11\/GOXA_Logo_key@2x.png&#8221; title_text=&#8221;GOXA_Logo_key@2x&#8221; url=&#8221;@ET-DC@eyJkeW5hbWljIjp0cnVlLCJjb250ZW50IjoiaG9tZV91cmwiLCJzZXR0aW5ncyI6W119@&#8221; align=&#8221;center&#8221; _builder_version=&#8221;4.19.0&#8243; _dynamic_attributes=&#8221;url&#8221; _module_preset=&#8221;default&#8221; width=&#8221;25%&#8221; width_tablet=&#8221;50%&#8221; width_phone=&#8221;100%&#8221; width_last_edited=&#8221;on|phone&#8221; max_width_tablet=&#8221;&#8221; max_width_phone=&#8221;85%&#8221; max_width_last_edited=&#8221;on|phone&#8221; module_alignment=&#8221;center&#8221; custom_margin=&#8221;||||false|false&#8221; custom_margin_tablet=&#8221;||0px||false|false&#8221; custom_margin_phone=&#8221;||0px||false|false&#8221; custom_margin_last_edited=&#8221;on|desktop&#8221; custom_padding=&#8221;||||false|false&#8221; custom_padding_tablet=&#8221;0px||||false|false&#8221; custom_padding_phone=&#8221;0px||||false|false&#8221; custom_padding_last_edited=&#8221;on|phone&#8221; global_colors_info=&#8221;{}&#8221;][\/et_pb_image][\/et_pb_column][\/et_pb_row][et_pb_row column_structure=&#8221;1_3,1_3,1_3&#8243; disabled_on=&#8221;on|on|off&#8221; _builder_version=&#8221;4.17.3&#8243; _module_preset=&#8221;default&#8221; custom_margin=&#8221;||||false|false&#8221; custom_padding=&#8221;||0px||false|false&#8221; global_colors_info=&#8221;{}&#8221;][et_pb_column type=&#8221;1_3&#8243; _builder_version=&#8221;4.17.1&#8243; _module_preset=&#8221;default&#8221; global_colors_info=&#8221;{}&#8221;][et_pb_text _builder_version=&#8221;4.19.0&#8243; _dynamic_attributes=&#8221;link_option_url&#8221; _module_preset=&#8221;default&#8221; text_text_color=&#8221;#000000&#8243; header_font=&#8221;Syne||||||||&#8221; header_2_font=&#8221;Syne|800||on|||||&#8221; header_2_text_color=&#8221;#000000&#8243; header_2_letter_spacing=&#8221;4px&#8221; header_4_font=&#8221;Cardo||on||||||&#8221; header_4_text_color=&#8221;#000000&#8243; header_4_font_size=&#8221;21px&#8221; header_4_line_height=&#8221;1.5em&#8221; text_orientation=&#8221;center&#8221; module_alignment=&#8221;center&#8221; custom_margin=&#8221;||||false|false&#8221; custom_padding=&#8221;15px||||false|false&#8221; link_option_url=&#8221;@ET-DC@eyJkeW5hbWljIjp0cnVlLCJjb250ZW50IjoicG9zdF9saW5rX3VybF9wYWdlIiwic2V0dGluZ3MiOnsicG9zdF9pZCI6IjY4In19@&#8221; border_color_top=&#8221;#000000&#8243; border_width_bottom=&#8221;1px&#8221; global_colors_info=&#8221;{}&#8221; background_color__hover=&#8221;&#8221; background_enable_color__hover=&#8221;off&#8221; header_2_text_color__hover_enabled=&#8221;on|desktop&#8221; header_2_text_color__hover=&#8221;#383838&#8243; header_4_text_color__hover_enabled=&#8221;on|hover&#8221; header_4_text_color__hover=&#8221;#383838&#8243; background__hover_enabled=&#8221;on|hover&#8221;]<\/p>\n<h2 id=\"h_49119380211651874162897\"><a href=\"https:\/\/goxam.de\/en\/coaching\/\">Beratung<\/a><\/h2>\n<p>&nbsp;<\/p>\n<p>[\/et_pb_text][et_pb_text _builder_version=&#8221;4.19.0&#8243; _dynamic_attributes=&#8221;link_option_url&#8221; _module_preset=&#8221;default&#8221; text_text_color=&#8221;#000000&#8243; header_font=&#8221;Syne||||||||&#8221; header_2_font=&#8221;Syne|800||on|||||&#8221; header_2_text_color=&#8221;#000000&#8243; header_2_letter_spacing=&#8221;4px&#8221; header_4_font=&#8221;Cardo||on||||||&#8221; header_4_text_color=&#8221;#000000&#8243; header_4_font_size=&#8221;21px&#8221; header_4_line_height=&#8221;1.5em&#8221; text_orientation=&#8221;center&#8221; module_alignment=&#8221;center&#8221; custom_margin=&#8221;||||false|false&#8221; custom_padding=&#8221;||||false|false&#8221; link_option_url=&#8221;@ET-DC@eyJkeW5hbWljIjp0cnVlLCJjb250ZW50IjoicG9zdF9saW5rX3VybF9wYWdlIiwic2V0dGluZ3MiOnsicG9zdF9pZCI6IjY4In19@&#8221; border_color_top=&#8221;#000000&#8243; global_colors_info=&#8221;{}&#8221; background_color__hover=&#8221;&#8221; background_enable_color__hover=&#8221;off&#8221; header_2_text_color__hover_enabled=&#8221;on|desktop&#8221; header_2_text_color__hover=&#8221;#383838&#8243; header_4_text_color__hover_enabled=&#8221;on|hover&#8221; header_4_text_color__hover=&#8221;#383838&#8243; background__hover_enabled=&#8221;on|hover&#8221;]<\/p>\n<h4>F\u00fcr F\u00fchrungskr\u00e4fte<br \/>und<br \/>Teams<\/h4>\n<p>&nbsp;<\/p>\n<p>[\/et_pb_text][\/et_pb_column][et_pb_column type=&#8221;1_3&#8243; _builder_version=&#8221;4.17.1&#8243; _module_preset=&#8221;default&#8221; global_colors_info=&#8221;{}&#8221;][et_pb_text disabled_on=&#8221;off|off|off&#8221; _builder_version=&#8221;4.19.0&#8243; _module_preset=&#8221;default&#8221; text_font=&#8221;Syne|700||on|||||&#8221; text_text_color=&#8221;#000000&#8243; text_letter_spacing=&#8221;1px&#8221; text_orientation=&#8221;center&#8221; saved_tabs=&#8221;all&#8221; global_colors_info=&#8221;{}&#8221;]<\/p>\n<p>Follow us<\/p>\n<p><a href=\"https:\/\/www.linkedin.com\/in\/tobias-gelbert-31883a\" target=\"_blank\" rel=\"noopener\"><img loading=\"lazy\" decoding=\"async\" class=\"wp-image-653 alignnone size-medium\" src=\"https:\/\/goxam.de\/wp-content\/uploads\/2022\/11\/Element-1@1x-3.png\" alt=\"\" width=\"35\" height=\"35\" \/><\/a> \u00a0 <a href=\"https:\/\/www.xing.com\/profile\/Tobias_Gelbert\" target=\"_blank\" rel=\"noopener\"><img loading=\"lazy\" decoding=\"async\" class=\"wp-image-654 alignnone size-medium\" src=\"https:\/\/goxam.de\/wp-content\/uploads\/2022\/11\/Xing@1x-1.png\" alt=\"\" width=\"31\" height=\"31\" \/><\/a><\/p>\n<p>[\/et_pb_text][\/et_pb_column][et_pb_column type=&#8221;1_3&#8243; _builder_version=&#8221;4.17.1&#8243; _module_preset=&#8221;default&#8221; global_colors_info=&#8221;{}&#8221;][et_pb_text _builder_version=&#8221;4.19.0&#8243; _module_preset=&#8221;default&#8221; text_text_color=&#8221;#000000&#8243; header_font=&#8221;Syne||||||||&#8221; header_2_font=&#8221;Syne|800||on|||||&#8221; header_2_text_color=&#8221;#000000&#8243; header_2_letter_spacing=&#8221;4px&#8221; header_4_font=&#8221;Cardo||on||||||&#8221; header_4_text_color=&#8221;#000000&#8243; header_4_font_size=&#8221;21px&#8221; header_4_line_height=&#8221;1.5em&#8221; text_orientation=&#8221;center&#8221; module_alignment=&#8221;center&#8221; custom_margin=&#8221;||||false|false&#8221; custom_padding=&#8221;15px||||false|false&#8221; border_color_top=&#8221;#000000&#8243; border_width_bottom=&#8221;1px&#8221; global_colors_info=&#8221;{}&#8221; background_enable_color__hover=&#8221;off&#8221; header_2_text_color__hover=&#8221;#383838&#8243; header_2_text_color__hover_enabled=&#8221;on|desktop&#8221; header_4_text_color__hover=&#8221;#383838&#8243; header_4_text_color__hover_enabled=&#8221;on|hover&#8221; background__hover_enabled=&#8221;on|hover&#8221;]<\/p>\n<h2><a href=\"https:\/\/goxam.de\/en\/business-theatre\/\">BUSINESS THEATRE<\/a><\/h2>\n<p>[\/et_pb_text][et_pb_text _builder_version=&#8221;4.19.0&#8243; _dynamic_attributes=&#8221;link_option_url&#8221; _module_preset=&#8221;default&#8221; text_text_color=&#8221;#000000&#8243; header_font=&#8221;Syne||||||||&#8221; header_2_font=&#8221;Syne|800||on|||||&#8221; header_2_text_color=&#8221;#000000&#8243; header_2_letter_spacing=&#8221;4px&#8221; header_4_font=&#8221;Cardo||on||||||&#8221; header_4_text_color=&#8221;#000000&#8243; header_4_font_size=&#8221;21px&#8221; header_4_line_height=&#8221;1.5em&#8221; text_orientation=&#8221;center&#8221; module_alignment=&#8221;center&#8221; custom_margin=&#8221;||||false|false&#8221; custom_padding=&#8221;||||false|false&#8221; link_option_url=&#8221;@ET-DC@eyJkeW5hbWljIjp0cnVlLCJjb250ZW50IjoicG9zdF9saW5rX3VybF9wYWdlIiwic2V0dGluZ3MiOnsicG9zdF9pZCI6IjEzNCJ9fQ==@&#8221; border_color_top=&#8221;#000000&#8243; global_colors_info=&#8221;{}&#8221; background_enable_color__hover=&#8221;off&#8221; header_2_text_color__hover=&#8221;#383838&#8243; header_2_text_color__hover_enabled=&#8221;on|desktop&#8221; header_4_text_color__hover=&#8221;#383838&#8243; header_4_text_color__hover_enabled=&#8221;on|hover&#8221; background__hover_enabled=&#8221;on|hover&#8221;]<\/p>\n<h4>Individuelles Training<br \/>Team- und Organisationsentwicklung<\/h4>\n<p>&nbsp;<\/p>\n<p>[\/et_pb_text][\/et_pb_column][\/et_pb_row][et_pb_row column_structure=&#8221;1_2,1_2&#8243; use_custom_gutter=&#8221;on&#8221; gutter_width=&#8221;1&#8243; _builder_version=&#8221;4.17.3&#8243; _module_preset=&#8221;default&#8221; global_colors_info=&#8221;{}&#8221;][et_pb_column type=&#8221;1_2&#8243; _builder_version=&#8221;4.17.3&#8243; _module_preset=&#8221;default&#8221; custom_padding=&#8221;70px||||false|false&#8221; border_width_right=&#8221;1px&#8221; global_colors_info=&#8221;{}&#8221;][\/et_pb_column][et_pb_column type=&#8221;1_2&#8243; _builder_version=&#8221;4.17.3&#8243; _module_preset=&#8221;default&#8221; global_colors_info=&#8221;{}&#8221;][\/et_pb_column][\/et_pb_row][et_pb_row _builder_version=&#8221;4.17.3&#8243; _module_preset=&#8221;default&#8221; custom_padding=&#8221;4px|||||&#8221; global_module=&#8221;452&#8243; saved_tabs=&#8221;all&#8221; global_colors_info=&#8221;{}&#8221;][et_pb_column type=&#8221;4_4&#8243; _builder_version=&#8221;4.17.3&#8243; _module_preset=&#8221;default&#8221; global_colors_info=&#8221;{}&#8221;][et_pb_text _builder_version=&#8221;4.18.1&#8243; _module_preset=&#8221;default&#8221; text_font=&#8221;Syne|700||on|||||&#8221; text_text_color=&#8221;#000000&#8243; text_font_size=&#8221;22px&#8221; text_letter_spacing=&#8221;1px&#8221; text_orientation=&#8221;center&#8221; global_colors_info=&#8221;{}&#8221;]<\/p>\n<p><a href=\"https:\/\/goxam.de\/en\/contact\/\">KONTAKT<\/a><\/p>\n<p>[\/et_pb_text][\/et_pb_column][\/et_pb_row][et_pb_row column_structure=&#8221;1_2,1_2&#8243; use_custom_gutter=&#8221;on&#8221; gutter_width=&#8221;1&#8243; _builder_version=&#8221;4.17.3&#8243; _module_preset=&#8221;default&#8221; global_colors_info=&#8221;{}&#8221;][et_pb_column type=&#8221;1_2&#8243; _builder_version=&#8221;4.17.3&#8243; _module_preset=&#8221;default&#8221; custom_padding=&#8221;70px||||false|false&#8221; border_width_right=&#8221;1px&#8221; global_colors_info=&#8221;{}&#8221;][\/et_pb_column][et_pb_column type=&#8221;1_2&#8243; _builder_version=&#8221;4.17.3&#8243; _module_preset=&#8221;default&#8221; global_colors_info=&#8221;{}&#8221;][\/et_pb_column][\/et_pb_row][\/et_pb_section]<\/p>\n","protected":false},"excerpt":{"rendered":"<p>About \u00c1ngela Amarilla \u00a0 \u00c1ngela Amarilla is a writer and director. She has worked as a professor of literature and linguistics at several international universities. She has also worked as a columnist for P\u00e1gina 12\u2019s LGBTQIA+ cultural supplement SOY, one of the most important of its kind in Latin America. Amarilla made her first foray [&hellip;]<\/p>\n","protected":false},"author":1,"featured_media":0,"parent":0,"menu_order":0,"comment_status":"closed","ping_status":"closed","template":"","meta":{"_et_pb_use_builder":"on","_et_pb_old_content":"","_et_gb_content_width":"","inline_featured_image":false,"footnotes":""},"class_list":["post-1613","page","type-page","status-publish","hentry"],"_links":{"self":[{"href":"https:\/\/goxam.de\/en\/wp-json\/wp\/v2\/pages\/1613","targetHints":{"allow":["GET"]}}],"collection":[{"href":"https:\/\/goxam.de\/en\/wp-json\/wp\/v2\/pages"}],"about":[{"href":"https:\/\/goxam.de\/en\/wp-json\/wp\/v2\/types\/page"}],"author":[{"embeddable":true,"href":"https:\/\/goxam.de\/en\/wp-json\/wp\/v2\/users\/1"}],"replies":[{"embeddable":true,"href":"https:\/\/goxam.de\/en\/wp-json\/wp\/v2\/comments?post=1613"}],"version-history":[{"count":2,"href":"https:\/\/goxam.de\/en\/wp-json\/wp\/v2\/pages\/1613\/revisions"}],"predecessor-version":[{"id":1615,"href":"https:\/\/goxam.de\/en\/wp-json\/wp\/v2\/pages\/1613\/revisions\/1615"}],"wp:attachment":[{"href":"https:\/\/goxam.de\/en\/wp-json\/wp\/v2\/media?parent=1613"}],"curies":[{"name":"wp","href":"https:\/\/api.w.org\/{rel}","templated":true}]}}